{"id":10233,"date":"2024-03-14T20:14:55","date_gmt":"2024-03-14T23:14:55","guid":{"rendered":"https:\/\/dfrutassurprise.cl\/?post_type=product&#038;p=10233"},"modified":"2025-04-12T10:25:10","modified_gmt":"2025-04-12T14:25:10","slug":"especial-para-ellos-2","status":"publish","type":"product","link":"https:\/\/dfrutassurprise.cl\/index.php\/product\/especial-para-ellos-2\/","title":{"rendered":"ESPECIAL PARA ELLOS"},"content":{"rendered":"<p>Bello y elegante detalle que incluye 5 rosas azules y 20 unidades de frutillas cubiertas en chocolate blanco y tonalidades doradas, tambi\u00e9n puede ser modificadas a cubierta de chocolate oscuro, todos los detalles a modificar pueden ser descritos a la hora de realizar el pedido.<\/p>\n<p>El env\u00edo no esta incluido en el precio ya que depende de la direcci\u00f3n de entrega. se conversa por whatsapp.<\/p>\n<p>El arreglo incluye tarjeta con dedicatoria personalizada, si escoge la opci\u00f3n de env\u00edo o entrega tipo sorpresa se realiza seguimiento y constante comunicaci\u00f3n y posible entrega de fotos y videos de la entrega\u00a0 tambi\u00e9n puede retirar personalmente:<\/p>\n<p>Monta\u00f1a, 770. Vi\u00f1a del mar.<\/p>\n<p>https:\/\/maps.app.goo.gl\/PuSgZ1GXUPxw2AbY9<\/p>\n<p>&nbsp;<\/p>\n<p>&nbsp;<\/p>\n","protected":false},"excerpt":{"rendered":"<p>Bello y elegante detalle que incluye 5 rosas azules y 20 unidades de frutillas cubiertas en chocolate blanco y tonalidades doradas, tambi\u00e9n puede ser modificadas a cubierta de chocolate oscuro, todos los detalles a modificar pueden ser descritos a la hora de realizar el pedido. El env\u00edo no esta incluido en el precio ya que [&hellip;]<\/p>\n","protected":false},"featured_media":10420,"comment_status":"open","ping_status":"closed","template":"","meta":[],"product_cat":[52,51],"product_tag":[69,67,66,65,63,64,68],"_links":{"self":[{"href":"https:\/\/dfrutassurprise.cl\/index.php\/wp-json\/wp\/v2\/product\/10233"}],"collection":[{"href":"https:\/\/dfrutassurprise.cl\/index.php\/wp-json\/wp\/v2\/product"}],"about":[{"href":"https:\/\/dfrutassurprise.cl\/index.php\/wp-json\/wp\/v2\/types\/product"}],"replies":[{"embeddable":true,"href":"https:\/\/dfrutassurprise.cl\/index.php\/wp-json\/wp\/v2\/comments?post=10233"}],"wp:featuredmedia":[{"embeddable":true,"href":"https:\/\/dfrutassurprise.cl\/index.php\/wp-json\/wp\/v2\/media\/10420"}],"wp:attachment":[{"href":"https:\/\/dfrutassurprise.cl\/index.php\/wp-json\/wp\/v2\/media?parent=10233"}],"wp:term":[{"taxonomy":"product_cat","embeddable":true,"href":"https:\/\/dfrutassurprise.cl\/index.php\/wp-json\/wp\/v2\/product_cat?post=10233"},{"taxonomy":"product_tag","embeddable":true,"href":"https:\/\/dfrutassurprise.cl\/index.php\/wp-json\/wp\/v2\/product_tag?post=10233"}],"curies":[{"name":"wp","href":"https:\/\/api.w.org\/{rel}","templated":true}]}}