{"id":10239,"date":"2024-03-14T20:32:56","date_gmt":"2024-03-14T23:32:56","guid":{"rendered":"https:\/\/dfrutassurprise.cl\/?post_type=product&#038;p=10239"},"modified":"2025-01-06T22:54:50","modified_gmt":"2025-01-07T01:54:50","slug":"girasoles-gerberas","status":"publish","type":"product","link":"https:\/\/dfrutassurprise.cl\/index.php\/product\/girasoles-gerberas\/","title":{"rendered":"GIRASOLES &amp; GERBERAS"},"content":{"rendered":"<div id=\":1fz\" class=\"Ar Au Ao\">\n<div id=\":1fv\" class=\"Am aiL Al editable LW-avf tS-tW tS-tY\" role=\"textbox\" aria-label=\"Cuerpo del mensaje\" aria-controls=\":1i9\" aria-expanded=\"false\">\n<p>Fresco y hermoso arreglo natural de girasoles y gerberas (los colores de las gerberas pueden ser modificados por el cliente o la temporada)<\/p>\n<p>El env\u00edo no esta incluido en el precio ya que depende de la direcci\u00f3n de entrega. se conversa por whatsapp.<\/p>\n<p>El arreglo incluye tarjeta con dedicatoria personalizada, si escoge la opci\u00f3n de env\u00edo o entrega tipo sorpresa se realiza seguimiento y constante comunicaci\u00f3n y posible entrega de fotos y videos de la entrega\u00a0 tambi\u00e9n puede retirar personalmente:<\/p>\n<p>Monta\u00f1a, 770. Vi\u00f1a del mar.<\/p>\n<p>https:\/\/maps.app.goo.gl\/PuSgZ1GXUPxw2AbY9<\/p>\n<\/div>\n<\/div>\n","protected":false},"excerpt":{"rendered":"<p>Fresco y hermoso arreglo natural de girasoles y gerberas (los colores de las gerberas pueden ser modificados por el cliente o la temporada) El env\u00edo no esta incluido en el precio ya que depende de la direcci\u00f3n de entrega. se conversa por whatsapp. El arreglo incluye tarjeta con dedicatoria personalizada, si escoge la opci\u00f3n de [&hellip;]<\/p>\n","protected":false},"featured_media":10236,"comment_status":"open","ping_status":"closed","template":"","meta":[],"product_cat":[53],"product_tag":[71,59,70,68],"_links":{"self":[{"href":"https:\/\/dfrutassurprise.cl\/index.php\/wp-json\/wp\/v2\/product\/10239"}],"collection":[{"href":"https:\/\/dfrutassurprise.cl\/index.php\/wp-json\/wp\/v2\/product"}],"about":[{"href":"https:\/\/dfrutassurprise.cl\/index.php\/wp-json\/wp\/v2\/types\/product"}],"replies":[{"embeddable":true,"href":"https:\/\/dfrutassurprise.cl\/index.php\/wp-json\/wp\/v2\/comments?post=10239"}],"wp:featuredmedia":[{"embeddable":true,"href":"https:\/\/dfrutassurprise.cl\/index.php\/wp-json\/wp\/v2\/media\/10236"}],"wp:attachment":[{"href":"https:\/\/dfrutassurprise.cl\/index.php\/wp-json\/wp\/v2\/media?parent=10239"}],"wp:term":[{"taxonomy":"product_cat","embeddable":true,"href":"https:\/\/dfrutassurprise.cl\/index.php\/wp-json\/wp\/v2\/product_cat?post=10239"},{"taxonomy":"product_tag","embeddable":true,"href":"https:\/\/dfrutassurprise.cl\/index.php\/wp-json\/wp\/v2\/product_tag?post=10239"}],"curies":[{"name":"wp","href":"https:\/\/api.w.org\/{rel}","templated":true}]}}