{"id":10240,"date":"2024-03-14T20:58:50","date_gmt":"2024-03-14T19:58:50","guid":{"rendered":"https:\/\/dfrutassurprise.cl\/?post_type=product&#038;p=10240"},"modified":"2025-01-06T22:51:42","modified_gmt":"2025-01-07T01:51:42","slug":"10240","status":"publish","type":"product","link":"https:\/\/dfrutassurprise.cl\/index.php\/product\/10240\/","title":{"rendered":"Ramo sensual de frutillas y rosas."},"content":{"rendered":"<div id=\":1fz\" class=\"Ar Au Ao\">\n<div id=\":1fv\" class=\"Am aiL Al editable LW-avf tS-tW tS-tY\" role=\"textbox\" aria-label=\"Cuerpo del mensaje\" aria-controls=\":1i9\" aria-expanded=\"false\">\n<p>Ramo de frutillas cubiertas en chocolate con dise\u00f1os y decoraciones sprinkles.<\/p>\n<p>El valor corresponde al arreglo de la imagen que incluye 3 Rosas rojas. Puede ser sin rosas o mas cantidad de rosas toda modificaci\u00f3n puede ser conversada por whatsapp.<\/p>\n<p>El env\u00edo no esta incluido en el precio ya que depende de la direcci\u00f3n de entrega. se conversa por whatsapp.<\/p>\n<p>El arreglo incluye tarjeta con dedicatoria personalizada, si escoge la opci\u00f3n de env\u00edo o entrega tipo sorpresa se realiza seguimiento y constante comunicaci\u00f3n y posible entrega de fotos y videos de la entrega\u00a0 tambi\u00e9n puede retirar personalmente:<\/p>\n<p>Monta\u00f1a, 770. Vi\u00f1a del mar.<\/p>\n<p>https:\/\/maps.app.goo.gl\/PuSgZ1GXUPxw2AbY9<\/p>\n<\/div>\n<\/div>\n","protected":false},"excerpt":{"rendered":"<p>Ramo de frutillas cubiertas en chocolate con dise\u00f1os y decoraciones sprinkles. El valor corresponde al arreglo de la imagen que incluye 3 Rosas rojas. Puede ser sin rosas o mas cantidad de rosas toda modificaci\u00f3n puede ser conversada por whatsapp. El env\u00edo no esta incluido en el precio ya que depende de la direcci\u00f3n de [&hellip;]<\/p>\n","protected":false},"featured_media":10241,"comment_status":"open","ping_status":"closed","template":"","meta":[],"product_cat":[52,50,51],"product_tag":[72,73,68,62,74],"_links":{"self":[{"href":"https:\/\/dfrutassurprise.cl\/index.php\/wp-json\/wp\/v2\/product\/10240"}],"collection":[{"href":"https:\/\/dfrutassurprise.cl\/index.php\/wp-json\/wp\/v2\/product"}],"about":[{"href":"https:\/\/dfrutassurprise.cl\/index.php\/wp-json\/wp\/v2\/types\/product"}],"replies":[{"embeddable":true,"href":"https:\/\/dfrutassurprise.cl\/index.php\/wp-json\/wp\/v2\/comments?post=10240"}],"wp:featuredmedia":[{"embeddable":true,"href":"https:\/\/dfrutassurprise.cl\/index.php\/wp-json\/wp\/v2\/media\/10241"}],"wp:attachment":[{"href":"https:\/\/dfrutassurprise.cl\/index.php\/wp-json\/wp\/v2\/media?parent=10240"}],"wp:term":[{"taxonomy":"product_cat","embeddable":true,"href":"https:\/\/dfrutassurprise.cl\/index.php\/wp-json\/wp\/v2\/product_cat?post=10240"},{"taxonomy":"product_tag","embeddable":true,"href":"https:\/\/dfrutassurprise.cl\/index.php\/wp-json\/wp\/v2\/product_tag?post=10240"}],"curies":[{"name":"wp","href":"https:\/\/api.w.org\/{rel}","templated":true}]}}