{"id":10250,"date":"2024-03-14T22:03:45","date_gmt":"2024-03-14T21:03:45","guid":{"rendered":"https:\/\/dfrutassurprise.cl\/?post_type=product&#038;p=10250"},"modified":"2024-03-23T23:22:29","modified_gmt":"2024-03-23T22:22:29","slug":"pascua","status":"publish","type":"product","link":"https:\/\/dfrutassurprise.cl\/index.php\/product\/pascua\/","title":{"rendered":"PASCUA"},"content":{"rendered":"<div id=\":1fz\" class=\"Ar Au Ao\">\n<div id=\":1fv\" class=\"Am aiL Al editable LW-avf tS-tW tS-tY\" role=\"textbox\" aria-label=\"Cuerpo del mensaje\" aria-controls=\":1i9\" aria-expanded=\"false\">\n<p>Box de 9 frutillas con motivo de pascua.<\/p>\n<p>colocar en la nota del pedido el dise\u00f1o escogido.<\/p>\n<p>El env\u00edo no esta incluido en el precio ya que depende de la direcci\u00f3n de entrega. se conversa por whatsapp.<\/p>\n<p>El arreglo incluye tarjeta con dedicatoria personalizada, si escoge la opci\u00f3n de env\u00edo o entrega tipo sorpresa se realiza seguimiento y constante comunicaci\u00f3n y posible entrega de fotos y videos de la entrega\u00a0 tambi\u00e9n puede retirar personalmente:<\/p>\n<p>Monta\u00f1a, 770. Vi\u00f1a del mar.<\/p>\n<p>https:\/\/maps.app.goo.gl\/PuSgZ1GXUPxw2AbY9<\/p>\n<\/div>\n<\/div>\n","protected":false},"excerpt":{"rendered":"<p>Box de 9 frutillas con motivo de pascua. colocar en la nota del pedido el dise\u00f1o escogido. El env\u00edo no esta incluido en el precio ya que depende de la direcci\u00f3n de entrega. se conversa por whatsapp. El arreglo incluye tarjeta con dedicatoria personalizada, si escoge la opci\u00f3n de env\u00edo o entrega tipo sorpresa se [&hellip;]<\/p>\n","protected":false},"featured_media":10252,"comment_status":"open","ping_status":"closed","template":"","meta":[],"product_cat":[50,51],"product_tag":[76],"_links":{"self":[{"href":"https:\/\/dfrutassurprise.cl\/index.php\/wp-json\/wp\/v2\/product\/10250"}],"collection":[{"href":"https:\/\/dfrutassurprise.cl\/index.php\/wp-json\/wp\/v2\/product"}],"about":[{"href":"https:\/\/dfrutassurprise.cl\/index.php\/wp-json\/wp\/v2\/types\/product"}],"replies":[{"embeddable":true,"href":"https:\/\/dfrutassurprise.cl\/index.php\/wp-json\/wp\/v2\/comments?post=10250"}],"wp:featuredmedia":[{"embeddable":true,"href":"https:\/\/dfrutassurprise.cl\/index.php\/wp-json\/wp\/v2\/media\/10252"}],"wp:attachment":[{"href":"https:\/\/dfrutassurprise.cl\/index.php\/wp-json\/wp\/v2\/media?parent=10250"}],"wp:term":[{"taxonomy":"product_cat","embeddable":true,"href":"https:\/\/dfrutassurprise.cl\/index.php\/wp-json\/wp\/v2\/product_cat?post=10250"},{"taxonomy":"product_tag","embeddable":true,"href":"https:\/\/dfrutassurprise.cl\/index.php\/wp-json\/wp\/v2\/product_tag?post=10250"}],"curies":[{"name":"wp","href":"https:\/\/api.w.org\/{rel}","templated":true}]}}