{"id":10287,"date":"2025-01-06T22:34:01","date_gmt":"2025-01-07T01:34:01","guid":{"rendered":"https:\/\/dfrutassurprise.cl\/?post_type=product&#038;p=10287"},"modified":"2025-01-06T22:34:01","modified_gmt":"2025-01-07T01:34:01","slug":"corazon-de-rosas","status":"publish","type":"product","link":"https:\/\/dfrutassurprise.cl\/index.php\/product\/corazon-de-rosas\/","title":{"rendered":"Coraz\u00f3n de Rosas"},"content":{"rendered":"<p>Espectacular y elegante coraz\u00f3n de 50 rosas naturales de calibre grande, que lucen en una hermosa base de coraz\u00f3n color negro que hace resaltar la belleza y color de las rosas.<\/p>\n<p style=\"text-align: center\">incluye tarjeta con dedicatoria personalizada.<\/p>\n<p>&nbsp;<\/p>\n","protected":false},"excerpt":{"rendered":"<p>Espectacular y elegante coraz\u00f3n de 50 rosas naturales de calibre grande, que lucen en una hermosa base de coraz\u00f3n color negro que hace resaltar la belleza y color de las rosas. incluye tarjeta con dedicatoria personalizada. &nbsp;<\/p>\n","protected":false},"featured_media":10288,"comment_status":"open","ping_status":"closed","template":"","meta":[],"product_cat":[53,77],"product_tag":[72,71,73,68,62,74],"_links":{"self":[{"href":"https:\/\/dfrutassurprise.cl\/index.php\/wp-json\/wp\/v2\/product\/10287"}],"collection":[{"href":"https:\/\/dfrutassurprise.cl\/index.php\/wp-json\/wp\/v2\/product"}],"about":[{"href":"https:\/\/dfrutassurprise.cl\/index.php\/wp-json\/wp\/v2\/types\/product"}],"replies":[{"embeddable":true,"href":"https:\/\/dfrutassurprise.cl\/index.php\/wp-json\/wp\/v2\/comments?post=10287"}],"wp:featuredmedia":[{"embeddable":true,"href":"https:\/\/dfrutassurprise.cl\/index.php\/wp-json\/wp\/v2\/media\/10288"}],"wp:attachment":[{"href":"https:\/\/dfrutassurprise.cl\/index.php\/wp-json\/wp\/v2\/media?parent=10287"}],"wp:term":[{"taxonomy":"product_cat","embeddable":true,"href":"https:\/\/dfrutassurprise.cl\/index.php\/wp-json\/wp\/v2\/product_cat?post=10287"},{"taxonomy":"product_tag","embeddable":true,"href":"https:\/\/dfrutassurprise.cl\/index.php\/wp-json\/wp\/v2\/product_tag?post=10287"}],"curies":[{"name":"wp","href":"https:\/\/api.w.org\/{rel}","templated":true}]}}