{"id":10328,"date":"2025-01-07T18:45:57","date_gmt":"2025-01-07T21:45:57","guid":{"rendered":"https:\/\/dfrutassurprise.cl\/?post_type=product&#038;p=10328"},"modified":"2025-01-07T18:45:57","modified_gmt":"2025-01-07T21:45:57","slug":"ferreros-rosas","status":"publish","type":"product","link":"https:\/\/dfrutassurprise.cl\/index.php\/product\/ferreros-rosas\/","title":{"rendered":"Ferreros &amp; Rosas."},"content":{"rendered":"<p>Buscas un detalle elegante, sobrio y a su vez din\u00e1mico y espectacular regala sin pensar este coraz\u00f3n de ferreros y rosas naturales. no lo olvidar\u00e1.<\/p>\n<p>incluye tarjeta con dedicatoria personalizada y envoltura para protecci\u00f3n.<\/p>\n<p>si deseas otra combinaci\u00f3n de colores puedes consultarlo v\u00eda whatsapp.<\/p>\n","protected":false},"excerpt":{"rendered":"<p>Buscas un detalle elegante, sobrio y a su vez din\u00e1mico y espectacular regala sin pensar este coraz\u00f3n de ferreros y rosas naturales. no lo olvidar\u00e1. incluye tarjeta con dedicatoria personalizada y envoltura para protecci\u00f3n. si deseas otra combinaci\u00f3n de colores puedes consultarlo v\u00eda whatsapp.<\/p>\n","protected":false},"featured_media":10329,"comment_status":"open","ping_status":"closed","template":"","meta":[],"product_cat":[15],"product_tag":[],"_links":{"self":[{"href":"https:\/\/dfrutassurprise.cl\/index.php\/wp-json\/wp\/v2\/product\/10328"}],"collection":[{"href":"https:\/\/dfrutassurprise.cl\/index.php\/wp-json\/wp\/v2\/product"}],"about":[{"href":"https:\/\/dfrutassurprise.cl\/index.php\/wp-json\/wp\/v2\/types\/product"}],"replies":[{"embeddable":true,"href":"https:\/\/dfrutassurprise.cl\/index.php\/wp-json\/wp\/v2\/comments?post=10328"}],"wp:featuredmedia":[{"embeddable":true,"href":"https:\/\/dfrutassurprise.cl\/index.php\/wp-json\/wp\/v2\/media\/10329"}],"wp:attachment":[{"href":"https:\/\/dfrutassurprise.cl\/index.php\/wp-json\/wp\/v2\/media?parent=10328"}],"wp:term":[{"taxonomy":"product_cat","embeddable":true,"href":"https:\/\/dfrutassurprise.cl\/index.php\/wp-json\/wp\/v2\/product_cat?post=10328"},{"taxonomy":"product_tag","embeddable":true,"href":"https:\/\/dfrutassurprise.cl\/index.php\/wp-json\/wp\/v2\/product_tag?post=10328"}],"curies":[{"name":"wp","href":"https:\/\/api.w.org\/{rel}","templated":true}]}}