{"id":10429,"date":"2025-01-13T17:18:12","date_gmt":"2025-01-13T20:18:12","guid":{"rendered":"https:\/\/dfrutassurprise.cl\/?post_type=product&#038;p=10429"},"modified":"2025-01-15T14:26:11","modified_gmt":"2025-01-15T17:26:11","slug":"corazon-de-frutillas","status":"publish","type":"product","link":"https:\/\/dfrutassurprise.cl\/index.php\/product\/corazon-de-frutillas\/","title":{"rendered":"Coraz\u00f3n de frutillas."},"content":{"rendered":"<p>Coraz\u00f3n de frutillas.<\/p>\n<p>Caja solida en forma de coraz\u00f3n que contiene frutillas cubiertas en chocolate en distintas tonalidad de blanco y caf\u00e9.<\/p>\n<p>Es una excelente opci\u00f3n si deseas regalar un dettale elegante, delicioso y original.<\/p>\n<p>incluye tarjeta con dedicatoria personalizada y envoltura para protecci\u00f3n.<\/p>\n","protected":false},"excerpt":{"rendered":"<p>Coraz\u00f3n de frutillas. Caja solida en forma de coraz\u00f3n que contiene frutillas cubiertas en chocolate en distintas tonalidad de blanco y caf\u00e9. Es una excelente opci\u00f3n si deseas regalar un dettale elegante, delicioso y original. incluye tarjeta con dedicatoria personalizada y envoltura para protecci\u00f3n.<\/p>\n","protected":false},"featured_media":10431,"comment_status":"open","ping_status":"closed","template":"","meta":[],"product_cat":[15],"product_tag":[],"_links":{"self":[{"href":"https:\/\/dfrutassurprise.cl\/index.php\/wp-json\/wp\/v2\/product\/10429"}],"collection":[{"href":"https:\/\/dfrutassurprise.cl\/index.php\/wp-json\/wp\/v2\/product"}],"about":[{"href":"https:\/\/dfrutassurprise.cl\/index.php\/wp-json\/wp\/v2\/types\/product"}],"replies":[{"embeddable":true,"href":"https:\/\/dfrutassurprise.cl\/index.php\/wp-json\/wp\/v2\/comments?post=10429"}],"wp:featuredmedia":[{"embeddable":true,"href":"https:\/\/dfrutassurprise.cl\/index.php\/wp-json\/wp\/v2\/media\/10431"}],"wp:attachment":[{"href":"https:\/\/dfrutassurprise.cl\/index.php\/wp-json\/wp\/v2\/media?parent=10429"}],"wp:term":[{"taxonomy":"product_cat","embeddable":true,"href":"https:\/\/dfrutassurprise.cl\/index.php\/wp-json\/wp\/v2\/product_cat?post=10429"},{"taxonomy":"product_tag","embeddable":true,"href":"https:\/\/dfrutassurprise.cl\/index.php\/wp-json\/wp\/v2\/product_tag?post=10429"}],"curies":[{"name":"wp","href":"https:\/\/api.w.org\/{rel}","templated":true}]}}