{"id":9413,"date":"2019-10-28T10:27:30","date_gmt":"2019-10-28T10:27:30","guid":{"rendered":"https:\/\/demo-22.woovinapro.com\/?post_type=product&#038;p=9413"},"modified":"2024-08-10T06:35:35","modified_gmt":"2024-08-10T10:35:35","slug":"deluxe","status":"publish","type":"product","link":"https:\/\/dfrutassurprise.cl\/index.php\/product\/deluxe\/","title":{"rendered":"Deluxe"},"content":{"rendered":"<h2>Deluxe<\/h2>\n<div id=\":1fz\" class=\"Ar Au Ao\">\n<div id=\":1fv\" class=\"Am aiL Al editable LW-avf tS-tW tS-tY\" role=\"textbox\" aria-label=\"Cuerpo del mensaje\" aria-controls=\":1i9\" aria-expanded=\"false\">\n<p>Delicado, elegante, brillante arreglo Deluxe el arreglo mas grande de la pagina, incluye globo con helio, Rosas y Gypsophila, frutillas con distintos toppings.<\/p>\n<p>El env\u00edo no esta incluido en el precio ya que depende de la direcci\u00f3n de entrega. se conversa por whatsapp.<\/p>\n<p>El arreglo incluye tarjeta con dedicatoria personalizada, si escoge la opci\u00f3n de env\u00edo o entrega tipo sorpresa se realiza seguimiento y constante comunicaci\u00f3n y posible entrega de fotos y videos de la entrega\u00a0 tambi\u00e9n puede retirar personalmente:<\/p>\n<p>Monta\u00f1a, 770. Vi\u00f1a del mar.<\/p>\n<p>https:\/\/maps.app.goo.gl\/PuSgZ1GXUPxw2AbY9<\/p>\n<\/div>\n<\/div>\n","protected":false},"excerpt":{"rendered":"<p><em><strong>Deluxe<\/strong><\/em><\/p>\n","protected":false},"featured_media":10255,"comment_status":"open","ping_status":"closed","template":"","meta":[],"product_cat":[52,50,51],"product_tag":[],"_links":{"self":[{"href":"https:\/\/dfrutassurprise.cl\/index.php\/wp-json\/wp\/v2\/product\/9413"}],"collection":[{"href":"https:\/\/dfrutassurprise.cl\/index.php\/wp-json\/wp\/v2\/product"}],"about":[{"href":"https:\/\/dfrutassurprise.cl\/index.php\/wp-json\/wp\/v2\/types\/product"}],"replies":[{"embeddable":true,"href":"https:\/\/dfrutassurprise.cl\/index.php\/wp-json\/wp\/v2\/comments?post=9413"}],"wp:featuredmedia":[{"embeddable":true,"href":"https:\/\/dfrutassurprise.cl\/index.php\/wp-json\/wp\/v2\/media\/10255"}],"wp:attachment":[{"href":"https:\/\/dfrutassurprise.cl\/index.php\/wp-json\/wp\/v2\/media?parent=9413"}],"wp:term":[{"taxonomy":"product_cat","embeddable":true,"href":"https:\/\/dfrutassurprise.cl\/index.php\/wp-json\/wp\/v2\/product_cat?post=9413"},{"taxonomy":"product_tag","embeddable":true,"href":"https:\/\/dfrutassurprise.cl\/index.php\/wp-json\/wp\/v2\/product_tag?post=9413"}],"curies":[{"name":"wp","href":"https:\/\/api.w.org\/{rel}","templated":true}]}}