{"id":9959,"date":"2023-10-24T18:34:13","date_gmt":"2023-10-24T16:34:13","guid":{"rendered":"https:\/\/dfrutassurprise.cl\/?post_type=product&#038;p=9959"},"modified":"2025-01-07T17:36:37","modified_gmt":"2025-01-07T20:36:37","slug":"frutillas-vino-rosa","status":"publish","type":"product","link":"https:\/\/dfrutassurprise.cl\/index.php\/product\/frutillas-vino-rosa\/","title":{"rendered":"Frutillas &amp; Vino &amp; Rosa"},"content":{"rendered":"<p>Detalle \u00fanico e inolvidable tendr\u00e1 en sus manos una sensaci\u00f3n de tener de todo un poco para disfrutar un momento de celebraci\u00f3n.<\/p>\n<p>Incluye una botella de vino espumante de tama\u00f1o individual, frutillas natural, frutillas cubiertas de chocolate, 1 Rosa natural, uvas y barritas de chocolate mas decoraciones, tarjeta con dedicatoria personalizada y envoltura para protecci\u00f3n.<\/p>\n","protected":false},"excerpt":{"rendered":"<p><em><strong>Frutillas &amp; Vino &amp; Rosa <\/strong><\/em><\/p>\n","protected":false},"featured_media":10315,"comment_status":"open","ping_status":"closed","template":"","meta":[],"product_cat":[57,50,51],"product_tag":[],"_links":{"self":[{"href":"https:\/\/dfrutassurprise.cl\/index.php\/wp-json\/wp\/v2\/product\/9959"}],"collection":[{"href":"https:\/\/dfrutassurprise.cl\/index.php\/wp-json\/wp\/v2\/product"}],"about":[{"href":"https:\/\/dfrutassurprise.cl\/index.php\/wp-json\/wp\/v2\/types\/product"}],"replies":[{"embeddable":true,"href":"https:\/\/dfrutassurprise.cl\/index.php\/wp-json\/wp\/v2\/comments?post=9959"}],"wp:featuredmedia":[{"embeddable":true,"href":"https:\/\/dfrutassurprise.cl\/index.php\/wp-json\/wp\/v2\/media\/10315"}],"wp:attachment":[{"href":"https:\/\/dfrutassurprise.cl\/index.php\/wp-json\/wp\/v2\/media?parent=9959"}],"wp:term":[{"taxonomy":"product_cat","embeddable":true,"href":"https:\/\/dfrutassurprise.cl\/index.php\/wp-json\/wp\/v2\/product_cat?post=9959"},{"taxonomy":"product_tag","embeddable":true,"href":"https:\/\/dfrutassurprise.cl\/index.php\/wp-json\/wp\/v2\/product_tag?post=9959"}],"curies":[{"name":"wp","href":"https:\/\/api.w.org\/{rel}","templated":true}]}}